{"id":1147,"date":"2020-12-13T19:40:56","date_gmt":"2020-12-13T19:40:56","guid":{"rendered":"http:\/\/thefrenchengineers.com\/www\/?post_type=product&#038;p=1147"},"modified":"2025-06-21T12:29:12","modified_gmt":"2025-06-21T12:29:12","slug":"sharp-knife-sharpener","status":"publish","type":"product","link":"https:\/\/thefrenchengineers.com\/www\/fr\/produit\/sharp-knife-sharpener\/","title":{"rendered":"SHARP l'aiguiseur de couteaux"},"content":{"rendered":"<div class=\"rte__content\">\n<div>\n<div class=\"template asset\" contenteditable=\"false\" data-alt-text=\"\" data-caption=\"\" data-id=\"31320326\">\n<figure><img decoding=\"async\" class=\"fit lazyloaded\" src=\"https:\/\/i0.wp.com\/ksr-ugc.imgix.net\/assets\/031\/320\/326\/fcdd031ad90fcc2670fff0c483c4fe72_original.jpg?ssl=1\" alt=\"\" data-src=\"https:\/\/i0.wp.com\/ksr-ugc.imgix.net\/assets\/031\/320\/326\/fcdd031ad90fcc2670fff0c483c4fe72_original.jpg?ssl=1\" data-recalc-dims=\"1\" \/><\/figure>\n<\/div>\n<p>Vous pouvez consulter le projet sur Kickstarter, nous avons atteint plus de 1000% de notre premier objectif !<br \/>\nJetez un coup d'\u0153il \u00e0 la section des commentaires pour avoir les commentaires des utilisateurs de SHARP.<\/p>\n<p>Nous sommes deux jeunes ing\u00e9nieurs toujours \u00e0 la recherche de nouvelles fa\u00e7ons de r\u00e9duire la quantit\u00e9 de d\u00e9chet et de recycler l'un des mat\u00e9riaux existants les plus utilis\u00e9s et les plus dangereux pour l'environnement : le plastique. Pour cela, nous r\u00e9fl\u00e9chissons toujours \u00e0 de nouveaux designs qui peuvent aider les gens tout en \u00e9tant respectueux de la plan\u00e8te. C'est ce qui nous a conduits \u00e0 cr\u00e9er SHARP -\u00a0<span class=\"bold\">An environmentally-friendly knife sharpener made from recycled plastic.<\/span><\/p>\n<p><span class=\"bold\">Nous incluons dans notre logo un num\u00e9ro faisant r\u00e9f\u00e9rence au type de plastique, ce qui permert au plastique d'\u00eatre  enti\u00e8rement recycl\u00e9 \u00e0 la fin de la vie de l'aiguiseur.<\/span><\/p>\n<div class=\"template asset\" contenteditable=\"false\" data-alt-text=\"\" data-caption=\"\" data-id=\"31320523\">\n<figure><img decoding=\"async\" class=\"fit lazyloaded\" src=\"https:\/\/i0.wp.com\/ksr-ugc.imgix.net\/assets\/031\/320\/523\/2d616b6f1c9579e4756855313b2c232c_original.jpg?ssl=1\" alt=\"\" data-src=\"https:\/\/i0.wp.com\/ksr-ugc.imgix.net\/assets\/031\/320\/523\/2d616b6f1c9579e4756855313b2c232c_original.jpg?ssl=1\" data-recalc-dims=\"1\" \/><\/figure>\n<\/div>\n<p><span class=\"bold\">Sharp est un aiguiseur de couteaux portable fabriqu\u00e9 \u00e0 partir de plastique recycl\u00e9.<\/span><\/p>\n<p><strong><span class=\"bold\">Unique<\/span><\/strong><\/p>\n<p>- Chaque aiguiseur a une couleur et un motif uniques gr\u00e2ce \u00e0 l'utilisation de diff\u00e9rents d\u00e9chets plastiques et \u00e0 notre processus de recyclage.<\/p>\n<p>- Un exemple de m\u00e9lange de couleurs est pr\u00e9sent\u00e9 ci-dessous.<\/p>\n<p><strong><span class=\"bold\">Efficace<\/span><\/strong><\/p>\n<p>- Obtenez un r\u00e9sultat en une seule tentative<\/p>\n<p>&#8211; Works with all types of metal knives<\/p>\n<p><strong><span class=\"bold\">Fait maison<\/span><\/strong><\/p>\n<p>- Chaque aiguiseur de couteaux est fabriqu\u00e9 \u00e0 la main avec amour et passion en France par nous deux.<\/p>\n<p><strong><span class=\"bold\">Portable<\/span><\/strong><\/p>\n<p>- Nous avons choisi un design de porte-cl\u00e9s pour que vous puissiez emporter votre SHARP dans toutes vos aventures.<\/p>\n<p>&nbsp;<\/p>\n<p><strong><span class=\"bold\">POURQUOI NOUS AVONS UTILIS\u00c9 DES D\u00c9CHETS PLASTIQUES<\/span><\/strong><\/p>\n<p>La plan\u00e8te nage dans les d\u00e9chets plastiques, ce qui nuit \u00e0 la sant\u00e9 des animaux et sans doute \u00e0 celle des humains.<\/p>\n<p>Une grande partie du plastique est malheureusement \u00e0 usage unique et va directement \u00e0 la poubelle. Ils ne sont pas tous recycl\u00e9s et nous voulions avoir un impact \u00e0 notre \u00e9chelle.<\/p>\n<p>Nous avons demand\u00e9 \u00e0 nos voisins d'apporter leurs d\u00e9chets en plastique mais nous avons \u00e9t\u00e9 rapidement submerg\u00e9s par la quantit\u00e9.<\/p>\n<p>We searched for solutions to reuse plastic and discovered the precious plastic project in 2014. We build a shredder, an extruder, and an injection thanks to that open source project. A big thanks to the community and Dave! \ud83d\ude09<\/p>\n<p>Avec ces machines, nous avons inclus du plastique recycl\u00e9 dans notre projet. Nous sommes maintenant tr\u00e8s heureux de lancer ce nouveau projet : SHARP.<\/p>\n<p><strong><span class=\"bold\">NOTRE PROCESSUS<\/span><\/strong><\/p>\n<p>Nous\u00a0<strong><span class=\"bold\">collectons<\/span><\/strong>\u00a0les d\u00e9chets plastiques de notre quartier<br \/>\nNous\u00a0<strong><span class=\"bold\">nettoyons<\/span><\/strong>, et les s\u00e9parons par types et couleurs.<br \/>\nNous\u00a0<strong><span class=\"bold\">broyons<\/span><\/strong>\u00a0les d\u00e9chets avec notre broyeur<br \/>\nNous\u00a0<strong><span class=\"bold\">utilisons<\/span><\/strong>\u00a0le broyat comme mati\u00e8re premi\u00e8re \u00e0 injecter dans notre moule.<br \/>\nNous\u00a0<strong><span class=\"bold\">cr\u00e9ons<\/span><\/strong>\u00a0les trous pour les outils m\u00e9talliques et pouvons r\u00e9utiliser les d\u00e9chets de cette \u00e9tape.<br \/>\nNous\u00a0<strong><span class=\"bold\">assemblons<\/span><\/strong>\u00a0le tout et v\u00e9rifions s'il y a des d\u00e9fauts \u00e0 la main.<br \/>\nNous <strong><span class=\"bold\">envoyons<\/span><\/strong>\u00a0un super aiguiseur de couteaux chez vous !<\/p>\n<div class=\"template asset\" contenteditable=\"false\" data-alt-text=\"\" data-caption=\"\" data-id=\"31320415\">\n<figure><img decoding=\"async\" class=\"fit lazyloaded\" src=\"https:\/\/i0.wp.com\/ksr-ugc.imgix.net\/assets\/031\/320\/415\/a05d39ccef63439bd8e12c4cea4ec367_original.jpg?ssl=1\" alt=\"\" data-src=\"https:\/\/i0.wp.com\/ksr-ugc.imgix.net\/assets\/031\/320\/415\/a05d39ccef63439bd8e12c4cea4ec367_original.jpg?ssl=1\" data-recalc-dims=\"1\" \/><\/figure>\n<\/div>\n<div class=\"template asset\" contenteditable=\"false\" data-alt-text=\"\" data-caption=\"\" data-id=\"31320364\">\n<figure><img decoding=\"async\" class=\"fit lazyloaded\" src=\"https:\/\/i0.wp.com\/ksr-ugc.imgix.net\/assets\/031\/320\/364\/99f180f61caffc31c2293d556975f639_original.jpg?ssl=1\" alt=\"\" data-src=\"https:\/\/i0.wp.com\/ksr-ugc.imgix.net\/assets\/031\/320\/364\/99f180f61caffc31c2293d556975f639_original.jpg?ssl=1\" data-recalc-dims=\"1\" \/><\/figure>\n<\/div>\n<div class=\"template asset\" contenteditable=\"false\" data-alt-text=\"\" data-caption=\"\" data-id=\"31320432\">\n<figure><img decoding=\"async\" class=\"fit js-lazy-image\" src=\"https:\/\/i0.wp.com\/ksr-ugc.imgix.net\/assets\/031\/320\/432\/771cdc9f6d008fddfed786d44bda0f69_original.gif?ssl=1\" alt=\"\" data-src=\"https:\/\/i0.wp.com\/ksr-ugc.imgix.net\/assets\/031\/320\/432\/771cdc9f6d008fddfed786d44bda0f69_original.gif?ssl=1\" data-recalc-dims=\"1\" \/><\/figure>\n<\/div>\n<div class=\"template asset\" contenteditable=\"false\" data-alt-text=\"\" data-caption=\"\" data-id=\"31320198\">\n<figure><img decoding=\"async\" class=\"fit js-lazy-image\" src=\"https:\/\/i0.wp.com\/ksr-ugc.imgix.net\/assets\/031\/320\/198\/d58ad5fbf5f4fdd2e1cb932242c0330f_original.gif?ssl=1\" alt=\"\" data-src=\"https:\/\/i0.wp.com\/ksr-ugc.imgix.net\/assets\/031\/320\/198\/d58ad5fbf5f4fdd2e1cb932242c0330f_original.gif?ssl=1\" data-recalc-dims=\"1\" \/><\/figure>\n<\/div>\n<div class=\"template asset\" contenteditable=\"false\" data-alt-text=\"\" data-caption=\"\" data-id=\"31320342\">\n<figure><img decoding=\"async\" class=\"fit lazyloaded\" src=\"https:\/\/i0.wp.com\/ksr-ugc.imgix.net\/assets\/031\/320\/342\/a64ae577884eb89f9fbcf581a34e5f23_original.jpg?ssl=1\" alt=\"\" data-src=\"https:\/\/i0.wp.com\/ksr-ugc.imgix.net\/assets\/031\/320\/342\/a64ae577884eb89f9fbcf581a34e5f23_original.jpg?ssl=1\" data-recalc-dims=\"1\" \/><\/figure>\n<\/div>\n<div class=\"template asset\" contenteditable=\"false\" data-alt-text=\"\" data-caption=\"\" data-id=\"31320396\">\n<figure><img decoding=\"async\" class=\"fit lazyloaded\" src=\"https:\/\/i0.wp.com\/ksr-ugc.imgix.net\/assets\/031\/320\/396\/11891571716eb2ff3d19e9ce39ee456b_original.jpg?ssl=1\" alt=\"\" data-src=\"https:\/\/i0.wp.com\/ksr-ugc.imgix.net\/assets\/031\/320\/396\/11891571716eb2ff3d19e9ce39ee456b_original.jpg?ssl=1\" data-recalc-dims=\"1\" \/><\/figure>\n<\/div>\n<\/div>\n<\/div>\n<p><img decoding=\"async\" src=\"https:\/\/scontent-frx5-1.xx.fbcdn.net\/v\/t1.15752-9\/s2048x2048\/171059048_460278125206867_57682717154096819_n.jpg?_nc_cat=100&amp;ccb=1-3&amp;_nc_sid=ae9488&amp;_nc_ohc=0BVRUZ7ffPYAX9_LAlh&amp;_nc_ht=scontent-frx5-1.xx&amp;tp=7&amp;oh=0afb1ed93fa063a70d945c9d8418e0c6&amp;oe=6094A406\" alt=\"Aucune description disponible.\" \/><\/p>\n<div class=\"rte__content\">\n<div>\n<div class=\"template asset\" contenteditable=\"false\" data-alt-text=\"\" data-caption=\"\" data-id=\"31323845\"><\/div>\n<\/div>\n<\/div>","protected":false},"excerpt":{"rendered":"<h2><strong><span class=\"bold\">Sharp est un aiguiseur de couteaux portable fabriqu\u00e9 \u00e0 partir de plastique recycl\u00e9.<\/span><\/strong><\/h2>\n<h3>Le projet a \u00e9t\u00e9 lanc\u00e9 sur <a href=\"https:\/\/www.kickstarter.com\/projects\/sharpknifesharpener\/sharp-the-portable-recycled-knife-sharpener\">Kickstarter<\/a>.<\/h3>","protected":false},"featured_media":1131,"template":"","meta":[],"product_cat":[15],"product_tag":[],"_links":{"self":[{"href":"https:\/\/thefrenchengineers.com\/www\/fr\/wp-json\/wp\/v2\/product\/1147"}],"collection":[{"href":"https:\/\/thefrenchengineers.com\/www\/fr\/wp-json\/wp\/v2\/product"}],"about":[{"href":"https:\/\/thefrenchengineers.com\/www\/fr\/wp-json\/wp\/v2\/types\/product"}],"wp:featuredmedia":[{"embeddable":true,"href":"https:\/\/thefrenchengineers.com\/www\/fr\/wp-json\/wp\/v2\/media\/1131"}],"wp:attachment":[{"href":"https:\/\/thefrenchengineers.com\/www\/fr\/wp-json\/wp\/v2\/media?parent=1147"}],"wp:term":[{"taxonomy":"product_cat","embeddable":true,"href":"https:\/\/thefrenchengineers.com\/www\/fr\/wp-json\/wp\/v2\/product_cat?post=1147"},{"taxonomy":"product_tag","embeddable":true,"href":"https:\/\/thefrenchengineers.com\/www\/fr\/wp-json\/wp\/v2\/product_tag?post=1147"}],"curies":[{"name":"wp","href":"https:\/\/api.w.org\/{rel}","templated":true}]}}