{"id":4199,"date":"2022-11-02T21:17:21","date_gmt":"2022-11-02T21:17:21","guid":{"rendered":"https:\/\/thefrenchengineers.com\/www\/?post_type=product&#038;p=4199"},"modified":"2022-11-06T16:28:26","modified_gmt":"2022-11-06T16:28:26","slug":"stro-cocktail","status":"publish","type":"product","link":"https:\/\/thefrenchengineers.com\/www\/fr\/produit\/stro-cocktail\/","title":{"rendered":"Str&#8217;O Cocktail"},"content":{"rendered":"<p><span class=\"bold\">Str'O Cocktail - Votre nouvelle paille pour mesurer les cocktails. Pr\u00e9parer votre cocktail pr\u00e9f\u00e9r\u00e9 n'a jamais \u00e9t\u00e9 aussi simple !<\/span><\/p>\n<p><img loading=\"lazy\" decoding=\"async\" class=\"alignnone wp-image-4250 size-full\" src=\"http:\/\/thefrenchengineers.com\/www\/wp-content\/uploads\/2022\/11\/concept_fr.png\" alt=\"Str'O Cocktail concept in english\" width=\"680\" height=\"880\" srcset=\"https:\/\/i0.wp.com\/thefrenchengineers.com\/www\/wp-content\/uploads\/2022\/11\/concept_fr.png?w=573&ssl=1 573w, https:\/\/i0.wp.com\/thefrenchengineers.com\/www\/wp-content\/uploads\/2022\/11\/concept_fr.png?resize=243%2C300&ssl=1 243w, https:\/\/i0.wp.com\/thefrenchengineers.com\/www\/wp-content\/uploads\/2022\/11\/concept_fr.png?resize=10%2C12&ssl=1 10w\" sizes=\"(max-width: 680px) 100vw, 680px\" data-recalc-dims=\"1\" \/><\/p>\n<p>Pr\u00e9parer votre cocktail pr\u00e9f\u00e9r\u00e9 n'a jamais \u00e9t\u00e9 aussi facile :<\/p>\n<p>Il suffit de verser le liquide des diff\u00e9rentes recettes jusqu'\u00e0 la dose sur la paille et... et c'est tout !<\/p>\n<p><img loading=\"lazy\" decoding=\"async\" class=\"alignnone wp-image-4251 size-full\" src=\"https:\/\/i0.wp.com\/thefrenchengineers.com\/www\/wp-content\/uploads\/2022\/11\/ezgif.com-gif-maker.gif?resize=1200%2C800\" alt=\"Str'O Cocktail animation\" width=\"1200\" height=\"800\" data-recalc-dims=\"1\" \/><\/p>\n<p>Cette id\u00e9e nous est venue il y a quelques ann\u00e9es, lorsque nous avons commenc\u00e9 \u00e0 appr\u00e9cier les cocktails et les mocktails (cocktails sans alcool).<\/p>\n<p>Nous l'avons essay\u00e9 pendant plusieurs ann\u00e9es et nous voulons partager nos meilleures cr\u00e9ations avec vous.<\/p>\n<p>C'est la premi\u00e8re fois qu'un syst\u00e8me de mesure est associ\u00e9 \u00e0 une paille !<\/p>\n<p><img loading=\"lazy\" decoding=\"async\" class=\"alignnone size-full wp-image-4249\" src=\"https:\/\/i0.wp.com\/thefrenchengineers.com\/www\/wp-content\/uploads\/2022\/11\/strocoktail-specs.jpg?resize=2444%2C1365\" alt=\"Str'O Cocktail specifications\" width=\"2444\" height=\"1365\" srcset=\"https:\/\/i0.wp.com\/thefrenchengineers.com\/www\/wp-content\/uploads\/2022\/11\/strocoktail-specs.jpg?w=2444&amp;ssl=1 2444w, https:\/\/i0.wp.com\/thefrenchengineers.com\/www\/wp-content\/uploads\/2022\/11\/strocoktail-specs.jpg?resize=300%2C168&amp;ssl=1 300w, https:\/\/i0.wp.com\/thefrenchengineers.com\/www\/wp-content\/uploads\/2022\/11\/strocoktail-specs.jpg?resize=1024%2C572&amp;ssl=1 1024w, https:\/\/i0.wp.com\/thefrenchengineers.com\/www\/wp-content\/uploads\/2022\/11\/strocoktail-specs.jpg?resize=768%2C429&amp;ssl=1 768w, https:\/\/i0.wp.com\/thefrenchengineers.com\/www\/wp-content\/uploads\/2022\/11\/strocoktail-specs.jpg?resize=1536%2C858&amp;ssl=1 1536w, https:\/\/i0.wp.com\/thefrenchengineers.com\/www\/wp-content\/uploads\/2022\/11\/strocoktail-specs.jpg?resize=2048%2C1144&amp;ssl=1 2048w, https:\/\/i0.wp.com\/thefrenchengineers.com\/www\/wp-content\/uploads\/2022\/11\/strocoktail-specs.jpg?resize=18%2C10&amp;ssl=1 18w, https:\/\/i0.wp.com\/thefrenchengineers.com\/www\/wp-content\/uploads\/2022\/11\/strocoktail-specs.jpg?resize=600%2C335&amp;ssl=1 600w\" sizes=\"(max-width: 1000px) 100vw, 1000px\" data-recalc-dims=\"1\" \/><\/p>\n<p>Chaque paille comporte 3 recettes de cocktails sur son c\u00f4t\u00e9. (Les recettes sont en anglais).<\/p>\n<p>Nous avons con\u00e7u un kit avec des recettes exceptionnelles approuv\u00e9es par des mixologues professionnels.<\/p>\n<p>Un kit contient 6 pailles. Vous obtiendrez donc 18 recettes par kit !<\/p>\n<p><img loading=\"lazy\" decoding=\"async\" class=\"alignnone size-full wp-image-4246\" src=\"https:\/\/i0.wp.com\/thefrenchengineers.com\/www\/wp-content\/uploads\/2022\/11\/visuel-cocktail-scaled.jpg?resize=2560%2C1002\" alt=\"Str'O Cocktail kits\" width=\"2560\" height=\"1002\" srcset=\"https:\/\/i0.wp.com\/thefrenchengineers.com\/www\/wp-content\/uploads\/2022\/11\/visuel-cocktail-scaled.jpg?w=2560&amp;ssl=1 2560w, https:\/\/i0.wp.com\/thefrenchengineers.com\/www\/wp-content\/uploads\/2022\/11\/visuel-cocktail-scaled.jpg?resize=300%2C117&amp;ssl=1 300w, https:\/\/i0.wp.com\/thefrenchengineers.com\/www\/wp-content\/uploads\/2022\/11\/visuel-cocktail-scaled.jpg?resize=1024%2C401&amp;ssl=1 1024w, https:\/\/i0.wp.com\/thefrenchengineers.com\/www\/wp-content\/uploads\/2022\/11\/visuel-cocktail-scaled.jpg?resize=768%2C301&amp;ssl=1 768w, https:\/\/i0.wp.com\/thefrenchengineers.com\/www\/wp-content\/uploads\/2022\/11\/visuel-cocktail-scaled.jpg?resize=1536%2C601&amp;ssl=1 1536w, https:\/\/i0.wp.com\/thefrenchengineers.com\/www\/wp-content\/uploads\/2022\/11\/visuel-cocktail-scaled.jpg?resize=2048%2C801&amp;ssl=1 2048w, https:\/\/i0.wp.com\/thefrenchengineers.com\/www\/wp-content\/uploads\/2022\/11\/visuel-cocktail-scaled.jpg?resize=18%2C7&amp;ssl=1 18w, https:\/\/i0.wp.com\/thefrenchengineers.com\/www\/wp-content\/uploads\/2022\/11\/visuel-cocktail-scaled.jpg?resize=600%2C235&amp;ssl=1 600w\" sizes=\"(max-width: 1000px) 100vw, 1000px\" data-recalc-dims=\"1\" \/><\/p>\n<p>Nous avons d\u00e9cid\u00e9 d'utiliser des pailles en bambou pour r\u00e9duire l'impact par paille.<\/p>\n<p>Le bambou est cultiv\u00e9 et grav\u00e9 en France afin de limiter au maximum l'impact environnemental de Str'O Cocktail.<\/p>\n<p><img loading=\"lazy\" decoding=\"async\" class=\"alignnone size-full wp-image-4245\" src=\"https:\/\/i0.wp.com\/thefrenchengineers.com\/www\/wp-content\/uploads\/2022\/11\/1L-deau-.jpg?resize=2537%2C1159\" alt=\"Str'o cocktail water consumption\" width=\"2537\" height=\"1159\" srcset=\"https:\/\/i0.wp.com\/thefrenchengineers.com\/www\/wp-content\/uploads\/2022\/11\/1L-deau-.jpg?w=2537&amp;ssl=1 2537w, https:\/\/i0.wp.com\/thefrenchengineers.com\/www\/wp-content\/uploads\/2022\/11\/1L-deau-.jpg?resize=300%2C137&amp;ssl=1 300w, https:\/\/i0.wp.com\/thefrenchengineers.com\/www\/wp-content\/uploads\/2022\/11\/1L-deau-.jpg?resize=1024%2C468&amp;ssl=1 1024w, https:\/\/i0.wp.com\/thefrenchengineers.com\/www\/wp-content\/uploads\/2022\/11\/1L-deau-.jpg?resize=768%2C351&amp;ssl=1 768w, https:\/\/i0.wp.com\/thefrenchengineers.com\/www\/wp-content\/uploads\/2022\/11\/1L-deau-.jpg?resize=1536%2C702&amp;ssl=1 1536w, https:\/\/i0.wp.com\/thefrenchengineers.com\/www\/wp-content\/uploads\/2022\/11\/1L-deau-.jpg?resize=2048%2C936&amp;ssl=1 2048w, https:\/\/i0.wp.com\/thefrenchengineers.com\/www\/wp-content\/uploads\/2022\/11\/1L-deau-.jpg?resize=18%2C8&amp;ssl=1 18w, https:\/\/i0.wp.com\/thefrenchengineers.com\/www\/wp-content\/uploads\/2022\/11\/1L-deau-.jpg?resize=600%2C274&amp;ssl=1 600w\" sizes=\"(max-width: 1000px) 100vw, 1000px\" data-recalc-dims=\"1\" \/><\/p>\n<p>Nous essayons de limiter au maximum l'empreinte carbone, c'est pourquoi nous avons con\u00e7u un emballage qui sera \u00e9galement le colis que vous recevrez. (Si vous commandez 1 ou 2 kits).<\/p>\n<p>&nbsp;<\/p>\n<p>Il est possible de laver les pailles au lave-vaisselle mais nous recommandons un lavage \u00e0 la main avec s\u00e9chage direct pour prolonger au maximum la dur\u00e9e de vie de la paille.<\/p>\n<p>Il est recommand\u00e9 de les stocker dans un endroit sec.<\/p>","protected":false},"excerpt":{"rendered":"<p>Str&#8217;O Cocktail \u2013 Your new cocktail measurement straw. Making your favorite cocktail has never been easier! Making your favorite cocktail has never been easier: Just pour the liquid from the different recipes till the perfect dose on the straw and&#8230; and that\u2019s it! We came up with this idea a few years ago when we &hellip;<\/p>\n<p class=\"read-more\"> <a class=\"\" href=\"https:\/\/thefrenchengineers.com\/www\/fr\/produit\/stro-cocktail\/\"> <span class=\"screen-reader-text\">Str&#8217;O Cocktail<\/span> Lire la suite\u00a0\u00bb<\/a><\/p>","protected":false},"featured_media":4256,"template":"","meta":[],"product_cat":[47],"product_tag":[],"_links":{"self":[{"href":"https:\/\/thefrenchengineers.com\/www\/fr\/wp-json\/wp\/v2\/product\/4199"}],"collection":[{"href":"https:\/\/thefrenchengineers.com\/www\/fr\/wp-json\/wp\/v2\/product"}],"about":[{"href":"https:\/\/thefrenchengineers.com\/www\/fr\/wp-json\/wp\/v2\/types\/product"}],"wp:featuredmedia":[{"embeddable":true,"href":"https:\/\/thefrenchengineers.com\/www\/fr\/wp-json\/wp\/v2\/media\/4256"}],"wp:attachment":[{"href":"https:\/\/thefrenchengineers.com\/www\/fr\/wp-json\/wp\/v2\/media?parent=4199"}],"wp:term":[{"taxonomy":"product_cat","embeddable":true,"href":"https:\/\/thefrenchengineers.com\/www\/fr\/wp-json\/wp\/v2\/product_cat?post=4199"},{"taxonomy":"product_tag","embeddable":true,"href":"https:\/\/thefrenchengineers.com\/www\/fr\/wp-json\/wp\/v2\/product_tag?post=4199"}],"curies":[{"name":"wp","href":"https:\/\/api.w.org\/{rel}","templated":true}]}}